{"id":105,"date":"2020-06-29T23:38:07","date_gmt":"2020-06-29T23:38:07","guid":{"rendered":"https:\/\/demosites.io\/pet-shop-gb\/?page_id=105"},"modified":"2024-03-25T22:41:48","modified_gmt":"2024-03-25T21:41:48","slug":"accueil","status":"publish","type":"page","link":"https:\/\/ninoservices.com\/accueil\/","title":{"rendered":"Accueil"},"content":{"rendered":"\n<div id=\"wp-block-themeisle-blocks-advanced-columns-cbb7d63f\" class=\"wp-block-themeisle-blocks-advanced-columns alignfull has-1-columns has-desktop-equal-layout has-tablet-equal-layout has-mobile-equal-layout has-vertical-center\"><div class=\"wp-block-themeisle-blocks-advanced-columns-overlay\"><\/div><div class=\"innerblocks-wrap\">\n<div id=\"wp-block-themeisle-blocks-advanced-column-9099e04a\" class=\"wp-block-themeisle-blocks-advanced-column\">\n<h1 class=\"wp-block-heading has-text-align-center has-white-color has-text-color\"><em>NINO <\/em>SERVICES<\/h1>\n\n\n\n<p id=\"wp-block-themeisle-blocks-advanced-heading-5ba2036d\" class=\"wp-block-themeisle-blocks-advanced-heading wp-block-themeisle-blocks-advanced-heading-5ba2036d\">Votre partenaire dans l&rsquo;automobile<\/p>\n\n\n\n<div id=\"wp-block-themeisle-blocks-button-group-72abf9df\" class=\"wp-block-themeisle-blocks-button-group wp-block-buttons align-center\">\n<div id=\"wp-block-themeisle-blocks-button-1b647751\" class=\"wp-block-themeisle-blocks-button wp-block-button\"><a href=\"https:\/\/ninoservices.com\/accueil\/stock\/\" target=\"_self\" rel=\"noopener noreferrer\" class=\"wp-block-button__link\"><span>D\u00e9couvrez nos v\u00e9hicules<\/span><i class=\"fas fa-fw fa-arrow-right margin-left\"><\/i><\/a><\/div>\n<\/div>\n<\/div>\n<\/div><\/div>\n\n\n\n<p><\/p>\n\n\n\n<div class=\"wp-block-columns is-layout-flex wp-container-core-columns-is-layout-9d6595d7 wp-block-columns-is-layout-flex\">\n<div class=\"wp-block-column is-layout-flow wp-block-column-is-layout-flow\">\n<h2 id=\"wp-block-themeisle-blocks-advanced-heading-4b669b18\" class=\"wp-block-themeisle-blocks-advanced-heading wp-block-themeisle-blocks-advanced-heading-4b669b18\">Vente<\/h2>\n\n\n\n<p class=\"has-text-align-center\">L\u2019\u00e9coute fait que chez Nino Services, vous n&rsquo;\u00eates pas un num\u00e9ro, mais un client qui repart rassur\u00e9 avec le v\u00e9hicule qui correspond \u00e0 ses besoins et ses envies.<\/p>\n<\/div>\n\n\n\n<div class=\"wp-block-column is-layout-flow wp-block-column-is-layout-flow\">\n<h2 id=\"wp-block-themeisle-blocks-advanced-heading-6fd37756\" class=\"wp-block-themeisle-blocks-advanced-heading wp-block-themeisle-blocks-advanced-heading-6fd37756\">Qualit\u00e9<\/h2>\n\n\n\n<p>Tous nos v\u00e9hicules sont exceptionnels et choisis parmi les meilleurs. Ils sont reconditionn\u00e9s avec soin et disposent d&rsquo;une garantie l\u00e9gale. <\/p>\n<\/div>\n\n\n\n<div class=\"wp-block-column is-layout-flow wp-block-column-is-layout-flow\">\n<h2 id=\"wp-block-themeisle-blocks-advanced-heading-cd26e39b\" class=\"wp-block-themeisle-blocks-advanced-heading wp-block-themeisle-blocks-advanced-heading-cd26e39b\">Satisfaction<\/h2>\n\n\n\n<p>Votre satisfaction est notre priorit\u00e9. Nino Services a pour objectif principal de partager sa passion pour les voitures tout en proposant des v\u00e9hicules que vous aimez.<\/p>\n<\/div>\n<\/div>\n\n\n\n<div id=\"wp-block-themeisle-blocks-advanced-columns-20e99a8b\" class=\"wp-block-themeisle-blocks-advanced-columns has-2-columns has-desktop-oneTwo-layout has-tablet-equal-layout has-mobile-collapsedRows-layout has-vertical-unset\"><div class=\"wp-block-themeisle-blocks-advanced-columns-overlay\"><\/div><div class=\"innerblocks-wrap\">\n<div class=\"wp-block-themeisle-blocks-advanced-column\"><\/div>\n\n\n\n<div class=\"wp-block-themeisle-blocks-advanced-column\"><\/div>\n<\/div><\/div>\n\n\n\n<div class=\"wp-block-media-text is-stacked-on-mobile\" style=\"grid-template-columns:18% auto\"><figure class=\"wp-block-media-text__media\"><img loading=\"lazy\" decoding=\"async\" width=\"200\" height=\"92\" src=\"https:\/\/ninoservices.com\/wp-content\/uploads\/2023\/11\/cropped-Nino-Logov2.jpg\" alt=\"\" class=\"wp-image-246 size-full\"\/><\/figure><div class=\"wp-block-media-text__content\">\n<ul class=\"wp-block-list\">\n<li><strong>info@ninoservices.com<\/strong> <\/li>\n\n\n\n<li><strong>+32 (0) 485 34 27 62<\/strong><\/li>\n<\/ul>\n<\/div><\/div>\n","protected":false},"excerpt":{"rendered":"<p>L\u2019\u00e9coute fait que chez Nino Services, vous n&rsquo;\u00eates pas un num\u00e9ro, mais un client qui repart rassur\u00e9 avec le v\u00e9hicule qui correspond \u00e0 ses besoins et ses envies. Tous nos v\u00e9hicules sont exceptionnels et choisis parmi les meilleurs. Ils sont reconditionn\u00e9s avec soin et disposent d&rsquo;une garantie l\u00e9gale. Votre satisfaction est notre priorit\u00e9. Nino Services&hellip;&nbsp;<a href=\"https:\/\/ninoservices.com\/accueil\/\" class=\"\" rel=\"bookmark\">Lire la suite &raquo;<span class=\"screen-reader-text\">Accueil<\/span><\/a><\/p>\n","protected":false},"author":1,"featured_media":249,"parent":0,"menu_order":0,"comment_status":"closed","ping_status":"closed","template":"","meta":{"_monsterinsights_skip_tracking":false,"_monsterinsights_sitenote_active":false,"_monsterinsights_sitenote_note":"","_monsterinsights_sitenote_category":0,"neve_meta_sidebar":"full-width","neve_meta_container":"","neve_meta_enable_content_width":"on","neve_meta_content_width":100,"neve_meta_title_alignment":"","neve_meta_author_avatar":"","neve_post_elements_order":"","neve_meta_disable_header":"","neve_meta_disable_footer":"","neve_meta_disable_title":"on","_themeisle_gutenberg_block_has_review":false,"_ti_tpc_template_sync":false,"_ti_tpc_template_id":"695blg4xn7pkav5zqwfm","footnotes":""},"class_list":["post-105","page","type-page","status-publish","has-post-thumbnail","hentry"],"yoast_head":"<!-- This site is optimized with the Yoast SEO plugin v22.3 - https:\/\/yoast.com\/wordpress\/plugins\/seo\/ -->\n<title>Nino Services<\/title>\n<meta name=\"description\" content=\"Bienvenue chez Nino Services, l&#039;endroit id\u00e9al pour trouver la voiture parfaite. Explorez notre s\u00e9lection de mod\u00e8les, tous soigneusement inspect\u00e9s pour garantir une performance fiable. Nous sommes l\u00e0 pour vous offrir un service amical et professionnel.\" \/>\n<meta name=\"robots\" content=\"index, follow, max-snippet:-1, max-image-preview:large, max-video-preview:-1\" \/>\n<link rel=\"canonical\" href=\"https:\/\/ninoservices.com\/accueil\/\" \/>\n<meta property=\"og:locale\" content=\"fr_FR\" \/>\n<meta property=\"og:type\" content=\"article\" \/>\n<meta property=\"og:title\" content=\"Nino Services\" \/>\n<meta property=\"og:description\" content=\"Bienvenue chez Nino Services, l&#039;endroit id\u00e9al pour trouver la voiture parfaite. Explorez notre s\u00e9lection de mod\u00e8les, tous soigneusement inspect\u00e9s pour garantir une performance fiable. Nous sommes l\u00e0 pour vous offrir un service amical et professionnel.\" \/>\n<meta property=\"og:url\" content=\"https:\/\/ninoservices.com\/accueil\/\" \/>\n<meta property=\"og:site_name\" content=\"Nino Services\" \/>\n<meta property=\"article:modified_time\" content=\"2024-03-25T21:41:48+00:00\" \/>\n<meta property=\"og:image\" content=\"https:\/\/ninoservices.com\/wp-content\/uploads\/2023\/11\/cropped-Nino-Logo-vertical.png\" \/>\n\t<meta property=\"og:image:width\" content=\"200\" \/>\n\t<meta property=\"og:image:height\" content=\"92\" \/>\n\t<meta property=\"og:image:type\" content=\"image\/png\" \/>\n<meta name=\"twitter:card\" content=\"summary_large_image\" \/>\n<meta name=\"twitter:label1\" content=\"Dur\u00e9e de lecture est.\" \/>\n\t<meta name=\"twitter:data1\" content=\"1 minute\" \/>\n<script type=\"application\/ld+json\" class=\"yoast-schema-graph\">{\"@context\":\"https:\/\/schema.org\",\"@graph\":[{\"@type\":\"WebPage\",\"@id\":\"https:\/\/ninoservices.com\/accueil\/\",\"url\":\"https:\/\/ninoservices.com\/accueil\/\",\"name\":\"Nino Services\",\"isPartOf\":{\"@id\":\"https:\/\/ninoservices.com\/accueil\/#website\"},\"primaryImageOfPage\":{\"@id\":\"https:\/\/ninoservices.com\/accueil\/#primaryimage\"},\"image\":{\"@id\":\"https:\/\/ninoservices.com\/accueil\/#primaryimage\"},\"thumbnailUrl\":\"https:\/\/ninoservices.com\/wp-content\/uploads\/2023\/11\/cropped-Nino-Logo-vertical.png\",\"datePublished\":\"2020-06-29T23:38:07+00:00\",\"dateModified\":\"2024-03-25T21:41:48+00:00\",\"description\":\"Bienvenue chez Nino Services, l'endroit id\u00e9al pour trouver la voiture parfaite. Explorez notre s\u00e9lection de mod\u00e8les, tous soigneusement inspect\u00e9s pour garantir une performance fiable. Nous sommes l\u00e0 pour vous offrir un service amical et professionnel.\",\"breadcrumb\":{\"@id\":\"https:\/\/ninoservices.com\/accueil\/#breadcrumb\"},\"inLanguage\":\"fr-BE\",\"potentialAction\":[{\"@type\":\"ReadAction\",\"target\":[\"https:\/\/ninoservices.com\/accueil\/\"]}]},{\"@type\":\"ImageObject\",\"inLanguage\":\"fr-BE\",\"@id\":\"https:\/\/ninoservices.com\/accueil\/#primaryimage\",\"url\":\"https:\/\/ninoservices.com\/wp-content\/uploads\/2023\/11\/cropped-Nino-Logo-vertical.png\",\"contentUrl\":\"https:\/\/ninoservices.com\/wp-content\/uploads\/2023\/11\/cropped-Nino-Logo-vertical.png\",\"width\":200,\"height\":92},{\"@type\":\"BreadcrumbList\",\"@id\":\"https:\/\/ninoservices.com\/accueil\/#breadcrumb\",\"itemListElement\":[{\"@type\":\"ListItem\",\"position\":1,\"name\":\"Accueil\",\"item\":\"https:\/\/ninoservices.com\/accueil\/\"},{\"@type\":\"ListItem\",\"position\":2,\"name\":\"Accueil\"}]},{\"@type\":\"WebSite\",\"@id\":\"https:\/\/ninoservices.com\/accueil\/#website\",\"url\":\"https:\/\/ninoservices.com\/accueil\/\",\"name\":\"Nino Services\",\"description\":\"Votre partenaire dans l&#039;automobile.\",\"publisher\":{\"@id\":\"https:\/\/ninoservices.com\/accueil\/#organization\"},\"potentialAction\":[{\"@type\":\"SearchAction\",\"target\":{\"@type\":\"EntryPoint\",\"urlTemplate\":\"https:\/\/ninoservices.com\/accueil\/?s={search_term_string}\"},\"query-input\":\"required name=search_term_string\"}],\"inLanguage\":\"fr-BE\"},{\"@type\":\"Organization\",\"@id\":\"https:\/\/ninoservices.com\/accueil\/#organization\",\"name\":\"Nino Services\",\"url\":\"https:\/\/ninoservices.com\/accueil\/\",\"logo\":{\"@type\":\"ImageObject\",\"inLanguage\":\"fr-BE\",\"@id\":\"https:\/\/ninoservices.com\/accueil\/#\/schema\/logo\/image\/\",\"url\":\"https:\/\/ninoservices.com\/wp-content\/uploads\/2023\/11\/cropped-Nino-Logo-vertical.png\",\"contentUrl\":\"https:\/\/ninoservices.com\/wp-content\/uploads\/2023\/11\/cropped-Nino-Logo-vertical.png\",\"width\":200,\"height\":92,\"caption\":\"Nino Services\"},\"image\":{\"@id\":\"https:\/\/ninoservices.com\/accueil\/#\/schema\/logo\/image\/\"},\"sameAs\":[\"https:\/\/www.instagram.com\/nino_services\/\"]}]}<\/script>\n<!-- \/ Yoast SEO plugin. -->","yoast_head_json":{"title":"Nino Services","description":"Bienvenue chez Nino Services, l'endroit id\u00e9al pour trouver la voiture parfaite. Explorez notre s\u00e9lection de mod\u00e8les, tous soigneusement inspect\u00e9s pour garantir une performance fiable. Nous sommes l\u00e0 pour vous offrir un service amical et professionnel.","robots":{"index":"index","follow":"follow","max-snippet":"max-snippet:-1","max-image-preview":"max-image-preview:large","max-video-preview":"max-video-preview:-1"},"canonical":"https:\/\/ninoservices.com\/accueil\/","og_locale":"fr_FR","og_type":"article","og_title":"Nino Services","og_description":"Bienvenue chez Nino Services, l'endroit id\u00e9al pour trouver la voiture parfaite. Explorez notre s\u00e9lection de mod\u00e8les, tous soigneusement inspect\u00e9s pour garantir une performance fiable. Nous sommes l\u00e0 pour vous offrir un service amical et professionnel.","og_url":"https:\/\/ninoservices.com\/accueil\/","og_site_name":"Nino Services","article_modified_time":"2024-03-25T21:41:48+00:00","og_image":[{"width":200,"height":92,"url":"https:\/\/ninoservices.com\/wp-content\/uploads\/2023\/11\/cropped-Nino-Logo-vertical.png","type":"image\/png"}],"twitter_card":"summary_large_image","twitter_misc":{"Dur\u00e9e de lecture est.":"1 minute"},"schema":{"@context":"https:\/\/schema.org","@graph":[{"@type":"WebPage","@id":"https:\/\/ninoservices.com\/accueil\/","url":"https:\/\/ninoservices.com\/accueil\/","name":"Nino Services","isPartOf":{"@id":"https:\/\/ninoservices.com\/accueil\/#website"},"primaryImageOfPage":{"@id":"https:\/\/ninoservices.com\/accueil\/#primaryimage"},"image":{"@id":"https:\/\/ninoservices.com\/accueil\/#primaryimage"},"thumbnailUrl":"https:\/\/ninoservices.com\/wp-content\/uploads\/2023\/11\/cropped-Nino-Logo-vertical.png","datePublished":"2020-06-29T23:38:07+00:00","dateModified":"2024-03-25T21:41:48+00:00","description":"Bienvenue chez Nino Services, l'endroit id\u00e9al pour trouver la voiture parfaite. Explorez notre s\u00e9lection de mod\u00e8les, tous soigneusement inspect\u00e9s pour garantir une performance fiable. Nous sommes l\u00e0 pour vous offrir un service amical et professionnel.","breadcrumb":{"@id":"https:\/\/ninoservices.com\/accueil\/#breadcrumb"},"inLanguage":"fr-BE","potentialAction":[{"@type":"ReadAction","target":["https:\/\/ninoservices.com\/accueil\/"]}]},{"@type":"ImageObject","inLanguage":"fr-BE","@id":"https:\/\/ninoservices.com\/accueil\/#primaryimage","url":"https:\/\/ninoservices.com\/wp-content\/uploads\/2023\/11\/cropped-Nino-Logo-vertical.png","contentUrl":"https:\/\/ninoservices.com\/wp-content\/uploads\/2023\/11\/cropped-Nino-Logo-vertical.png","width":200,"height":92},{"@type":"BreadcrumbList","@id":"https:\/\/ninoservices.com\/accueil\/#breadcrumb","itemListElement":[{"@type":"ListItem","position":1,"name":"Accueil","item":"https:\/\/ninoservices.com\/accueil\/"},{"@type":"ListItem","position":2,"name":"Accueil"}]},{"@type":"WebSite","@id":"https:\/\/ninoservices.com\/accueil\/#website","url":"https:\/\/ninoservices.com\/accueil\/","name":"Nino Services","description":"Votre partenaire dans l&#039;automobile.","publisher":{"@id":"https:\/\/ninoservices.com\/accueil\/#organization"},"potentialAction":[{"@type":"SearchAction","target":{"@type":"EntryPoint","urlTemplate":"https:\/\/ninoservices.com\/accueil\/?s={search_term_string}"},"query-input":"required name=search_term_string"}],"inLanguage":"fr-BE"},{"@type":"Organization","@id":"https:\/\/ninoservices.com\/accueil\/#organization","name":"Nino Services","url":"https:\/\/ninoservices.com\/accueil\/","logo":{"@type":"ImageObject","inLanguage":"fr-BE","@id":"https:\/\/ninoservices.com\/accueil\/#\/schema\/logo\/image\/","url":"https:\/\/ninoservices.com\/wp-content\/uploads\/2023\/11\/cropped-Nino-Logo-vertical.png","contentUrl":"https:\/\/ninoservices.com\/wp-content\/uploads\/2023\/11\/cropped-Nino-Logo-vertical.png","width":200,"height":92,"caption":"Nino Services"},"image":{"@id":"https:\/\/ninoservices.com\/accueil\/#\/schema\/logo\/image\/"},"sameAs":["https:\/\/www.instagram.com\/nino_services\/"]}]}},"_links":{"self":[{"href":"https:\/\/ninoservices.com\/accueil\/wp-json\/wp\/v2\/pages\/105","targetHints":{"allow":["GET"]}}],"collection":[{"href":"https:\/\/ninoservices.com\/accueil\/wp-json\/wp\/v2\/pages"}],"about":[{"href":"https:\/\/ninoservices.com\/accueil\/wp-json\/wp\/v2\/types\/page"}],"author":[{"embeddable":true,"href":"https:\/\/ninoservices.com\/accueil\/wp-json\/wp\/v2\/users\/1"}],"replies":[{"embeddable":true,"href":"https:\/\/ninoservices.com\/accueil\/wp-json\/wp\/v2\/comments?post=105"}],"version-history":[{"count":14,"href":"https:\/\/ninoservices.com\/accueil\/wp-json\/wp\/v2\/pages\/105\/revisions"}],"predecessor-version":[{"id":392,"href":"https:\/\/ninoservices.com\/accueil\/wp-json\/wp\/v2\/pages\/105\/revisions\/392"}],"wp:featuredmedia":[{"embeddable":true,"href":"https:\/\/ninoservices.com\/accueil\/wp-json\/wp\/v2\/media\/249"}],"wp:attachment":[{"href":"https:\/\/ninoservices.com\/accueil\/wp-json\/wp\/v2\/media?parent=105"}],"curies":[{"name":"wp","href":"https:\/\/api.w.org\/{rel}","templated":true}]}}